{"id":8,"date":"2021-04-24T18:50:34","date_gmt":"2021-04-24T16:50:34","guid":{"rendered":"https:\/\/trackandmemes.com\/?page_id=8"},"modified":"2021-04-26T20:54:49","modified_gmt":"2021-04-26T18:54:49","slug":"accueil","status":"publish","type":"page","link":"https:\/\/trackandmemes.com\/en\/","title":{"rendered":"HOME"},"content":{"rendered":"<p class=\"has-text-align-center\">TRACKANDMEMES,<\/p>\n\n\n\n<p class=\"has-text-align-center has-medium-font-size\">Mainly known as a memes page on Instagram, gives voice to athletes with an amateur or professional level and coaches practicing in the field of athletics. Discover now all the disciplines (running, jumping, throwing, combined events, walking and handisport) through our different articles<\/p>\n\n\n\n<p><\/p>\n\n\n\n<p class=\"has-text-align-center has-medium-font-size\">Enjoy your reading ! <\/p>","protected":false},"excerpt":{"rendered":"<p>TRACKANDMEMES, Principalement connu comme \u00e9tant une page de memes sur Instagram, donne la parole aux athl\u00e8tes ayant un niveau amateur ou professionnel et aux coachs exer\u00e7ant dans le milieu de l&rsquo;athl\u00e9tisme. D\u00e9couvrez maintenant toutes les disciplines (courses, sauts, lancers, \u00e9preuves combin\u00e9es, marche et handisport) \u00e0 travers nos diff\u00e9rents articles Bonne lecture !<\/p>","protected":false},"author":1,"featured_media":0,"parent":0,"menu_order":0,"comment_status":"closed","ping_status":"closed","template":"","meta":{"om_disable_all_campaigns":false,"_monsterinsights_skip_tracking":false,"_monsterinsights_sitenote_active":false,"_monsterinsights_sitenote_note":"","_monsterinsights_sitenote_category":0,"footnotes":""},"class_list":["post-8","page","type-page","status-publish","hentry"],"aioseo_notices":[],"_links":{"self":[{"href":"https:\/\/trackandmemes.com\/en\/wp-json\/wp\/v2\/pages\/8","targetHints":{"allow":["GET"]}}],"collection":[{"href":"https:\/\/trackandmemes.com\/en\/wp-json\/wp\/v2\/pages"}],"about":[{"href":"https:\/\/trackandmemes.com\/en\/wp-json\/wp\/v2\/types\/page"}],"author":[{"embeddable":true,"href":"https:\/\/trackandmemes.com\/en\/wp-json\/wp\/v2\/users\/1"}],"replies":[{"embeddable":true,"href":"https:\/\/trackandmemes.com\/en\/wp-json\/wp\/v2\/comments?post=8"}],"version-history":[{"count":0,"href":"https:\/\/trackandmemes.com\/en\/wp-json\/wp\/v2\/pages\/8\/revisions"}],"wp:attachment":[{"href":"https:\/\/trackandmemes.com\/en\/wp-json\/wp\/v2\/media?parent=8"}],"curies":[{"name":"wp","href":"https:\/\/api.w.org\/{rel}","templated":true}]}}